    {"id":141,"date":"2026-03-06T16:00:21","date_gmt":"2026-03-06T16:00:21","guid":{"rendered":"https:\/\/upornax.com\/?page_id=141"},"modified":"2026-03-06T16:00:21","modified_gmt":"2026-03-06T16:00:21","slug":"about-us","status":"publish","type":"page","link":"https:\/\/upornax.com\/es\/about-us\/","title":{"rendered":"Sobre nosotros"},"content":{"rendered":"<p>Bienvenido a <strong>Upornax<\/strong> \u2013 tu destino digital para descubrir conocimientos pr\u00e1cticos, t\u00e9cnicas \u00fatiles y valiosas perspectivas sobre el mundo de la pesca. Ya sea que est\u00e9s aprendiendo tu primera t\u00e9cnica de lanzamiento, explorando especies de peces de agua dulce, mejorando la configuraci\u00f3n de tu equipo o simplemente buscando formas de hacer que tus viajes de pesca sean m\u00e1s exitosos, <strong>Upornax<\/strong> est\u00e1 aqu\u00ed para apoyar a los pescadores en cada etapa de su trayectoria.<\/p>\n\n\n\n<h2 class=\"wp-block-heading\">\u00bfQu\u00e9 nos impulsa?<\/h2>\n\n\n\n<p>En <strong>Upornax<\/strong>Creemos que la pesca es m\u00e1s que un simple pasatiempo: es una habilidad, un proceso de aprendizaje y una conexi\u00f3n con la naturaleza. Nuestra misi\u00f3n es brindar contenido claro, informativo y pr\u00e1ctico que ayude a los pescadores a mejorar sus t\u00e9cnicas, comprender el comportamiento de los peces, elegir el equipo adecuado y disfrutar de experiencias m\u00e1s gratificantes en el agua.<\/p>\n\n\n\n<p>A trav\u00e9s de nuestros art\u00edculos, exploramos temas esenciales como: <strong>T\u00e9cnicas de pesca, equipo de pesca, especies de peces y consejos de pesca<\/strong>, ayudando a los lectores a desarrollar confianza y conocimientos, ya sean principiantes o pescadores experimentados.<\/p>\n\n\n\n<p>El \u00e9xito en la pesca no depende \u00fanicamente de la suerte, sino tambi\u00e9n de la observaci\u00f3n, la paciencia, el conocimiento y la preparaci\u00f3n adecuada.<\/p>\n\n\n\n<h2 class=\"wp-block-heading\">Qui\u00e9nes somos<\/h2>\n\n\n\n<p>Somos un equipo de entusiastas de la naturaleza, pescadores y escritores apasionados por compartir conocimientos \u00fatiles sobre la pesca y los ecosistemas de agua dulce. <strong>Upornax<\/strong> Fue creado para que la informaci\u00f3n sobre pesca sea accesible, pr\u00e1ctica y amena para los lectores que desean mejorar sus habilidades y profundizar su comprensi\u00f3n de este deporte.<\/p>\n\n\n\n<p>Nuestro contenido abarca una amplia gama de temas, incluyendo m\u00e9todos de pesca, gu\u00edas de equipos, comportamiento de los peces, patrones estacionales y consejos pr\u00e1cticos que los pescadores pueden aplicar directamente en el agua.<\/p>\n\n\n\n<p>Nuestro objetivo es sencillo: ayudar a los lectores a pescar de forma m\u00e1s inteligente, a aprender continuamente y a disfrutar a\u00fan m\u00e1s de la experiencia de la pesca.<\/p>\n\n\n\n<p>Aqu\u00ed no eres solo un visitante. Formas parte de una comunidad en crecimiento de personas que aprecian la aventura al aire libre, el aprendizaje y el desaf\u00edo tranquilo que ofrece la pesca.<\/p>\n\n\n\n<h2 class=\"wp-block-heading\">Complicarse<\/h2>\n\n\n\n<p>\u00bfTienes alg\u00fan consejo, an\u00e9cdota o idea para un tema de pesca que quieras compartir? \u00bfTe interesa sugerir contenido nuevo o contribuir a la comunidad? Nos encantar\u00eda saber de ti.<\/p>\n\n\n\n<p>En <strong>Upornax<\/strong>Las ideas de los lectores y las experiencias compartidas ayudan a dar forma a los art\u00edculos futuros e inspiran a nuevos pescadores en todo el mundo.<\/p>\n\n\n\n<p>Exploremos juntos el arte y la ciencia de la pesca.<\/p>","protected":false},"excerpt":{"rendered":"<p>Welcome to Upornax \u2013 your digital destination for discovering practical knowledge, helpful techniques, and valuable insights about the world of fishing. Whether you&#8217;re learning your first casting technique, exploring freshwater fish species, improving your gear setup, or simply looking for ways to make your fishing trips more successful, Upornax is here to support anglers at [&hellip;]<\/p>","protected":false},"author":50,"featured_media":0,"parent":0,"menu_order":0,"comment_status":"closed","ping_status":"closed","template":"","meta":{"footnotes":""},"_links":{"self":[{"href":"https:\/\/upornax.com\/es\/wp-json\/wp\/v2\/pages\/141"}],"collection":[{"href":"https:\/\/upornax.com\/es\/wp-json\/wp\/v2\/pages"}],"about":[{"href":"https:\/\/upornax.com\/es\/wp-json\/wp\/v2\/types\/page"}],"author":[{"embeddable":true,"href":"https:\/\/upornax.com\/es\/wp-json\/wp\/v2\/users\/50"}],"replies":[{"embeddable":true,"href":"https:\/\/upornax.com\/es\/wp-json\/wp\/v2\/comments?post=141"}],"version-history":[{"count":1,"href":"https:\/\/upornax.com\/es\/wp-json\/wp\/v2\/pages\/141\/revisions"}],"predecessor-version":[{"id":143,"href":"https:\/\/upornax.com\/es\/wp-json\/wp\/v2\/pages\/141\/revisions\/143"}],"wp:attachment":[{"href":"https:\/\/upornax.com\/es\/wp-json\/wp\/v2\/media?parent=141"}],"curies":[{"name":"wp","href":"https:\/\/api.w.org\/{rel}","templated":true}]}}