    {"id":144,"date":"2026-03-06T16:00:58","date_gmt":"2026-03-06T16:00:58","guid":{"rendered":"https:\/\/upornax.com\/?page_id=144"},"modified":"2026-03-12T18:33:49","modified_gmt":"2026-03-12T18:33:49","slug":"contact","status":"publish","type":"page","link":"https:\/\/upornax.com\/es\/contact\/","title":{"rendered":"Contacto"},"content":{"rendered":"<p>Gracias por su visita. <strong>Upornax<\/strong>Tu destino para aprender sobre pesca, t\u00e9cnicas pr\u00e1cticas y consejos \u00fatiles para pescadores de todos los niveles. Agradecemos tu visita y estamos aqu\u00ed para conectar, apoyar y compartir informaci\u00f3n con todos los interesados en el mundo de la pesca.<\/p>\n\n\n\n<h2 class=\"wp-block-heading\">Consultas generales<\/h2>\n\n\n\n<p>\u00bfTienes alguna pregunta sobre...? <strong>Upornax<\/strong> \u00bfO simplemente quieres ponerte en contacto?<br>Env\u00edenos un correo electr\u00f3nico a <strong>contact@upornax.com<\/strong><\/p>\n\n\n\n<p>Nos encanta recibir noticias de nuestros lectores y les responderemos lo antes posible.<\/p>\n\n\n\n<h2 class=\"wp-block-heading\">Sugerencias y contribuciones de contenido<\/h2>\n\n\n\n<p>\u00bfTienes alguna idea para un nuevo tema de pesca? \u00bfQuieres compartir tu experiencia, una t\u00e9cnica o un consejo \u00fatil para otros pescadores?<br>No dudes en ponerte en contacto con nosotros. <strong>contact@upornax.com<\/strong><\/p>\n\n\n\n<p>Siempre estamos abiertos a nuevas ideas y perspectivas que ayuden a los pescadores a aprender, mejorar sus habilidades y disfrutar de experiencias de pesca m\u00e1s exitosas.<\/p>\n\n\n\n<h2 class=\"wp-block-heading\">Apoyo t\u00e9cnico<\/h2>\n\n\n\n<p>Si experimenta alg\u00fan problema con nuestro sitio web o necesita ayuda para acceder a art\u00edculos o funciones, p\u00f3ngase en contacto con nosotros. <strong><a>contacto@upo<\/a>rnax.com<\/strong>.<br>Nuestro objetivo es que su experiencia con <strong>Upornax<\/strong> Suave y fiable.<\/p>\n\n\n\n<h2 class=\"wp-block-heading\">Mantente conectado<\/h2>\n\n\n\n<p><strong>Upornax<\/strong> Es una plataforma digital creada para los aficionados a la pesca de todo el mundo. Aunque no contamos con una oficina f\u00edsica, estamos totalmente disponibles en l\u00ednea y siempre dispuestos a conectar con nuestros lectores.<\/p>\n\n\n\n<p>Gracias por formar parte de la <strong>Upornax<\/strong> Comunidad. \u00a1Esperamos tener noticias suyas!<\/p>\n\n\n\n<p>Un cordial saludo,<br><strong>El equipo de Upornax<\/strong><\/p>","protected":false},"excerpt":{"rendered":"<p>Thank you for visiting Upornax, your destination for fishing knowledge, practical techniques, and helpful insights for anglers of all experience levels. We truly appreciate your visit and are here to connect, support, and share information with everyone interested in the world of fishing. General Inquiries Have a question about Upornax or simply want to reach [&hellip;]<\/p>","protected":false},"author":50,"featured_media":0,"parent":0,"menu_order":0,"comment_status":"closed","ping_status":"closed","template":"","meta":{"footnotes":""},"_links":{"self":[{"href":"https:\/\/upornax.com\/es\/wp-json\/wp\/v2\/pages\/144"}],"collection":[{"href":"https:\/\/upornax.com\/es\/wp-json\/wp\/v2\/pages"}],"about":[{"href":"https:\/\/upornax.com\/es\/wp-json\/wp\/v2\/types\/page"}],"author":[{"embeddable":true,"href":"https:\/\/upornax.com\/es\/wp-json\/wp\/v2\/users\/50"}],"replies":[{"embeddable":true,"href":"https:\/\/upornax.com\/es\/wp-json\/wp\/v2\/comments?post=144"}],"version-history":[{"count":2,"href":"https:\/\/upornax.com\/es\/wp-json\/wp\/v2\/pages\/144\/revisions"}],"predecessor-version":[{"id":427,"href":"https:\/\/upornax.com\/es\/wp-json\/wp\/v2\/pages\/144\/revisions\/427"}],"wp:attachment":[{"href":"https:\/\/upornax.com\/es\/wp-json\/wp\/v2\/media?parent=144"}],"curies":[{"name":"wp","href":"https:\/\/api.w.org\/{rel}","templated":true}]}}