    {"id":155,"date":"2026-03-06T16:01:33","date_gmt":"2026-03-06T16:01:33","guid":{"rendered":"https:\/\/upornax.com\/?page_id=155"},"modified":"2026-03-06T16:01:33","modified_gmt":"2026-03-06T16:01:33","slug":"terms-of-use","status":"publish","type":"page","link":"https:\/\/upornax.com\/es\/terms-of-use\/","title":{"rendered":"Condiciones de uso"},"content":{"rendered":"<p>\u00daltima actualizaci\u00f3n: marzo de 2026<\/p>\n\n\n\n<p><strong>Upornax<\/strong> Esta plataforma de publicaci\u00f3n digital independiente se dedica al conocimiento sobre pesca, actividades recreativas al aire libre, t\u00e9cnicas de pesca y contenido educativo relacionado con la pesca en agua dulce. Al acceder o utilizar este sitio web, usted acepta cumplir con los t\u00e9rminos, condiciones y pol\u00edticas que se detallan a continuaci\u00f3n.<\/p>\n\n\n\n<p>Estas Condiciones de uso definen los derechos y responsabilidades de los usuarios que interact\u00faan con el sitio web. <strong>Upornax<\/strong> plataforma. El uso del sitio web tambi\u00e9n est\u00e1 sujeto a nuestra Pol\u00edtica de Privacidad.<\/p>\n\n\n\n<p>LEA ATENTAMENTE ESTOS T\u00c9RMINOS. SI NO EST\u00c1 DE ACUERDO CON ELLOS, NO LOS UTILICE. <strong>UPORNAX<\/strong> O CUALQUIERA DE SUS SERVICIOS.<\/p>\n\n\n\n<hr class=\"wp-block-separator has-alpha-channel-opacity\" \/>\n\n\n\n<h1 class=\"wp-block-heading\">Art\u00edculo I \u2013 Acuerdo de usuario<\/h1>\n\n\n\n<p>1.1 Mediante el uso <strong>Upornax<\/strong>Al utilizar estos T\u00e9rminos de uso, usted confirma su plena aceptaci\u00f3n de los mismos y de nuestra Pol\u00edtica de privacidad.<\/p>\n\n\n\n<p>1.2 Debe tener al menos 18 a\u00f1os de edad o tener capacidad legal en su jurisdicci\u00f3n para utilizar esta plataforma.<\/p>\n\n\n\n<p>1.3 Si no cumple con estas condiciones o no est\u00e1 de acuerdo con alguna parte de estos t\u00e9rminos, no podr\u00e1 acceder ni utilizar nuestros servicios.<\/p>\n\n\n\n<hr class=\"wp-block-separator has-alpha-channel-opacity\" \/>\n\n\n\n<h1 class=\"wp-block-heading\">Art\u00edculo II \u2013 Comunicaci\u00f3n<\/h1>\n\n\n\n<p>2.1 <strong>Upornax<\/strong> Proporciona canales de comunicaci\u00f3n para que los usuarios puedan hacer preguntas, compartir sugerencias o informar sobre problemas t\u00e9cnicos.<\/p>\n\n\n\n<p>2.2 Puede ponerse en contacto con nosotros a trav\u00e9s de nuestra p\u00e1gina de contacto o mediante las direcciones de correo electr\u00f3nico indicadas en la misma.<\/p>\n\n\n\n<hr class=\"wp-block-separator has-alpha-channel-opacity\" \/>\n\n\n\n<h1 class=\"wp-block-heading\">Art\u00edculo III \u2013 Responsabilidades de las Partes<\/h1>\n\n\n\n<p>3.1 Los usuarios deben cumplir con estos T\u00e9rminos de uso y la Pol\u00edtica de privacidad al acceder o interactuar con <strong>De Upornax<\/strong> contenido y servicios.<\/p>\n\n\n\n<p>3.2 <strong>Upornax<\/strong> Puede contener enlaces a sitios web de terceros con fines informativos o de referencia. Estos se proporcionan \u00fanicamente para su comodidad.<\/p>\n\n\n\n<p>3.3 Una vez redirigido, usted estar\u00e1 sujeto a los t\u00e9rminos y pol\u00edticas del sitio web de terceros. <strong>Upornax<\/strong> no se responsabiliza de la exactitud, fiabilidad o pr\u00e1cticas de los sitios web externos.<\/p>\n\n\n\n<p>3.4 Los usuarios son los \u00fanicos responsables de mantener la seguridad de su conexi\u00f3n a Internet, dispositivos y credenciales de cuenta mientras utilizan <strong>Upornax<\/strong>.<\/p>\n\n\n\n<p>3.5 <strong>Upornax<\/strong> No nos hacemos responsables de los da\u00f1os causados por fallos t\u00e9cnicos, acceso no autorizado o uso indebido de la plataforma que escapen a nuestro control.<\/p>\n\n\n\n<p>3.6 Nunca solicitaremos transferencias bancarias, datos confidenciales o informaci\u00f3n personal sensible a trav\u00e9s de canales no oficiales.<\/p>\n\n\n\n<p>3.7 Cualquier mensaje o actividad sospechosa que afirme representar <strong>Upornax<\/strong> Debe informarse de inmediato a trav\u00e9s de nuestra p\u00e1gina de contacto.<\/p>\n\n\n\n<hr class=\"wp-block-separator has-alpha-channel-opacity\" \/>\n\n\n\n<h1 class=\"wp-block-heading\">Art\u00edculo IV \u2013 Conducta prohibida<\/h1>\n\n\n\n<p>Los usuarios tienen estrictamente prohibido:<\/p>\n\n\n\n<ul>\n<li>Participar en actividades ilegales, fraudulentas o maliciosas;<\/li>\n\n\n\n<li>Violaci\u00f3n de los derechos de propiedad intelectual o de privacidad;<\/li>\n\n\n\n<li>Cargar o distribuir software malicioso, virus o c\u00f3digo da\u00f1ino;<\/li>\n\n\n\n<li>Suplantar la identidad de personas u organizaciones;<\/li>\n\n\n\n<li>Recopilar datos de usuarios sin su consentimiento;<\/li>\n\n\n\n<li>Compartir contenido enga\u00f1oso, difamatorio o no autorizado;<\/li>\n\n\n\n<li>Acosar, amenazar o difamar a otros usuarios;<\/li>\n\n\n\n<li>Intentar piratear, interrumpir o sobrecargar los sistemas de la plataforma.<\/li>\n<\/ul>\n\n\n\n<p>Las infracciones pueden resultar en la suspensi\u00f3n o terminaci\u00f3n permanente del acceso a <strong>Upornax<\/strong> sin previo aviso.<\/p>\n\n\n\n<hr class=\"wp-block-separator has-alpha-channel-opacity\" \/>\n\n\n\n<h1 class=\"wp-block-heading\">Art\u00edculo V \u2013 Limitaci\u00f3n de responsabilidad y garant\u00edas<\/h1>\n\n\n\n<p><strong>Upornax<\/strong> proporciona su contenido y servicios &quot;tal cual&quot; y &quot;seg\u00fan disponibilidad&quot;, sin garant\u00edas expresas ni impl\u00edcitas.<\/p>\n\n\n\n<p>No garantizamos el acceso ininterrumpido, el funcionamiento sin errores ni que la informaci\u00f3n proporcionada est\u00e9 siempre actualizada o sea adecuada para los fines de cada usuario.<\/p>\n\n\n\n<p>En la m\u00e1xima medida permitida por la ley, <strong>Upornax<\/strong> Se exime de toda responsabilidad por cualquier da\u00f1o directo, indirecto, incidental o consecuente que surja del uso o la imposibilidad de usar el sitio web o su contenido.<\/p>\n\n\n\n<hr class=\"wp-block-separator has-alpha-channel-opacity\" \/>\n\n\n\n<h1 class=\"wp-block-heading\">Art\u00edculo VI \u2013 Duraci\u00f3n y plazo legal<\/h1>\n\n\n\n<p>Estas Condiciones de Uso seguir\u00e1n siendo v\u00e1lidas indefinidamente.<\/p>\n\n\n\n<p>Cualquier reclamaci\u00f3n o disputa legal relacionada con la plataforma debe iniciarse dentro de <strong>90 (noventa) d\u00edas<\/strong> del evento que da origen a la reclamaci\u00f3n.<\/p>\n\n\n\n<hr class=\"wp-block-separator has-alpha-channel-opacity\" \/>\n\n\n\n<h1 class=\"wp-block-heading\">Art\u00edculo VII \u2013 Ley aplicable y jurisdicci\u00f3n<\/h1>\n\n\n\n<p>Estos T\u00e9rminos de uso se regir\u00e1n e interpretar\u00e1n de conformidad con las leyes de <strong>Rep\u00fablica de Estonia<\/strong>.<\/p>\n\n\n\n<p>Cualquier disputa, controversia o reclamaci\u00f3n que surja de o est\u00e9 relacionada con estos T\u00e9rminos o el uso de este sitio web se resolver\u00e1 bajo la jurisdicci\u00f3n exclusiva de los tribunales ubicados en <strong>Tallin, Estonia<\/strong>.<\/p>\n\n\n\n<p>Esta cl\u00e1usula garantiza la transparencia legal y el cumplimiento de la normativa. <strong>Ley de Obligaciones de Estonia y Ley de Derecho Internacional Privado<\/strong>.<\/p>\n\n\n\n<hr class=\"wp-block-separator has-alpha-channel-opacity\" \/>\n\n\n\n<h1 class=\"wp-block-heading\">Art\u00edculo VIII \u2013 Propiedad Intelectual<\/h1>\n\n\n\n<p>8.1 Todo el contenido en <strong>Upornax<\/strong> \u2014incluidos art\u00edculos, gr\u00e1ficos, texto, dise\u00f1o y marcas\u2014 est\u00e1 protegido por las leyes de propiedad intelectual.<\/p>\n\n\n\n<p>8.2 No podr\u00e1 copiar, reproducir, republicar ni distribuir ninguna parte del contenido de este sitio web sin autorizaci\u00f3n previa por escrito de <strong>Upornax<\/strong>.<\/p>\n\n\n\n<p>8.3 Los materiales enviados por los usuarios son responsabilidad exclusiva del colaborador. <strong>Upornax<\/strong> Se reserva el derecho de eliminar cualquier contenido que viole las normas legales, \u00e9ticas o comunitarias.<\/p>\n\n\n\n<hr class=\"wp-block-separator has-alpha-channel-opacity\" \/>\n\n\n\n<h1 class=\"wp-block-heading\">Art\u00edculo IX \u2013 Modificaciones a los T\u00e9rminos<\/h1>\n\n\n\n<p><strong>Upornax<\/strong> Se reserva el derecho de actualizar, modificar o interrumpir cualquier parte de estos T\u00e9rminos o servicios en cualquier momento, sin previo aviso.<\/p>\n\n\n\n<p>Es su responsabilidad revisar esta p\u00e1gina peri\u00f3dicamente. El uso continuado del sitio web implica la aceptaci\u00f3n de los t\u00e9rminos actualizados o revisados.<\/p>\n\n\n\n<hr class=\"wp-block-separator has-alpha-channel-opacity\" \/>\n\n\n\n<h1 class=\"wp-block-heading\">Art\u00edculo X \u2013 Contacto<\/h1>\n\n\n\n<p>Para cualquier pregunta, comentario o inquietud relacionada con estos T\u00e9rminos de uso, p\u00f3ngase en contacto con nosotros a trav\u00e9s de:<\/p>\n\n\n\n<p>Sitio web: <a>https:\/\/upornax.com\/contact<\/a><br>Correo electr\u00f3nico: contact@upornax.com<\/p>\n\n\n\n<hr class=\"wp-block-separator has-alpha-channel-opacity\" \/>\n\n\n\n<p>SI NO EST\u00c1 DE ACUERDO CON ESTOS T\u00c9RMINOS, ABST\u00c9NGASE DE UTILIZARLOS. <strong>UPORNAX<\/strong> Y SUS SERVICIOS.<\/p>","protected":false},"excerpt":{"rendered":"<p>Last updated: March, 2026 Upornax operates as an independent digital publishing platform dedicated to fishing knowledge, outdoor recreation, angling techniques, and educational content related to freshwater fishing. By accessing or using this website, you agree to abide by the terms, conditions, and policies outlined below. These Terms of Use define the rights and responsibilities of [&hellip;]<\/p>","protected":false},"author":50,"featured_media":0,"parent":0,"menu_order":0,"comment_status":"closed","ping_status":"closed","template":"","meta":{"footnotes":""},"_links":{"self":[{"href":"https:\/\/upornax.com\/es\/wp-json\/wp\/v2\/pages\/155"}],"collection":[{"href":"https:\/\/upornax.com\/es\/wp-json\/wp\/v2\/pages"}],"about":[{"href":"https:\/\/upornax.com\/es\/wp-json\/wp\/v2\/types\/page"}],"author":[{"embeddable":true,"href":"https:\/\/upornax.com\/es\/wp-json\/wp\/v2\/users\/50"}],"replies":[{"embeddable":true,"href":"https:\/\/upornax.com\/es\/wp-json\/wp\/v2\/comments?post=155"}],"version-history":[{"count":1,"href":"https:\/\/upornax.com\/es\/wp-json\/wp\/v2\/pages\/155\/revisions"}],"predecessor-version":[{"id":156,"href":"https:\/\/upornax.com\/es\/wp-json\/wp\/v2\/pages\/155\/revisions\/156"}],"wp:attachment":[{"href":"https:\/\/upornax.com\/es\/wp-json\/wp\/v2\/media?parent=155"}],"curies":[{"name":"wp","href":"https:\/\/api.w.org\/{rel}","templated":true}]}}